{"id":9,"date":"2023-05-06T19:27:18","date_gmt":"2023-05-06T19:27:18","guid":{"rendered":"https:\/\/sinopkonteyner.com\/?page_id=9"},"modified":"2023-05-13T13:47:06","modified_gmt":"2023-05-13T13:47:06","slug":"bize-ulasin","status":"publish","type":"page","link":"https:\/\/sinopkonteyner.com\/?page_id=9","title":{"rendered":"Bize ula\u015f\u0131n"},"content":{"rendered":"\n<p>Adres: Boyabat \/ S\u0130NOP<\/p>\n\n\n\n<p>Telefon: 0541 327 56 57<\/p>\n\n\n\n<p>Yetkili Ki\u015fi : \u00d6zg\u00fcr G\u00f6kmen<\/p>\n","protected":false},"excerpt":{"rendered":"<p>Adres: Boyabat \/ S\u0130NOP Telefon: 0541 327 56 57 Yetkili Ki\u015fi : \u00d6zg\u00fcr G\u00f6kmen<\/p>\n","protected":false},"author":1,"featured_media":13,"parent":0,"menu_order":0,"comment_status":"closed","ping_status":"closed","template":"","meta":{"footnotes":""},"class_list":["post-9","page","type-page","status-publish","has-post-thumbnail","hentry"],"yoast_head":"<!-- This site is optimized with the Yoast SEO plugin v22.0 - https:\/\/yoast.com\/wordpress\/plugins\/seo\/ -->\n<title>Bize ula\u015f\u0131n - S\u0130NOP KONTEYNER<\/title>\n<meta name=\"description\" content=\"Sinop, Boyabat, Gerze, Sarayd\u00fcz\u00fc, Dura\u011fan, Han\u00f6n\u00fc, Ta\u015fk\u00f6pr\u00fc\u00a0\u00e7evre illerede konteyner, ikinci el konteyner, sat\u0131l\u0131k konteyner hizmetimiz vard\u0131r\" \/>\n<meta name=\"robots\" content=\"index, follow, max-snippet:-1, max-image-preview:large, max-video-preview:-1\" \/>\n<link rel=\"canonical\" href=\"https:\/\/sinopkonteyner.com\/?page_id=9\" \/>\n<meta property=\"og:locale\" content=\"tr_TR\" \/>\n<meta property=\"og:type\" content=\"article\" \/>\n<meta property=\"og:title\" content=\"Bize ula\u015f\u0131n - S\u0130NOP KONTEYNER\" \/>\n<meta property=\"og:description\" content=\"Sinop, Boyabat, Gerze, Sarayd\u00fcz\u00fc, Dura\u011fan, Han\u00f6n\u00fc, Ta\u015fk\u00f6pr\u00fc\u00a0\u00e7evre illerede konteyner, ikinci el konteyner, sat\u0131l\u0131k konteyner hizmetimiz vard\u0131r\" \/>\n<meta property=\"og:url\" content=\"https:\/\/sinopkonteyner.com\/?page_id=9\" \/>\n<meta property=\"og:site_name\" content=\"S\u0130NOP KONTEYNER\" \/>\n<meta property=\"article:modified_time\" content=\"2023-05-13T13:47:06+00:00\" \/>\n<meta property=\"og:image\" content=\"http:\/\/sinopkonteyner.com\/wp-content\/uploads\/2023\/05\/monoblock-konteyner.jpg\" \/>\n\t<meta property=\"og:image:width\" content=\"960\" \/>\n\t<meta property=\"og:image:height\" content=\"540\" \/>\n\t<meta property=\"og:image:type\" content=\"image\/jpeg\" \/>\n<meta name=\"twitter:card\" content=\"summary_large_image\" \/>\n<meta name=\"twitter:label1\" content=\"Tahmini okuma s\u00fcresi\" \/>\n\t<meta name=\"twitter:data1\" content=\"1 dakika\" \/>\n<script type=\"application\/ld+json\" class=\"yoast-schema-graph\">{\"@context\":\"https:\/\/schema.org\",\"@graph\":[{\"@type\":\"WebPage\",\"@id\":\"https:\/\/sinopkonteyner.com\/?page_id=9\",\"url\":\"https:\/\/sinopkonteyner.com\/?page_id=9\",\"name\":\"Bize ula\u015f\u0131n - S\u0130NOP KONTEYNER\",\"isPartOf\":{\"@id\":\"https:\/\/sinopkonteyner.com\/#website\"},\"datePublished\":\"2023-05-06T19:27:18+00:00\",\"dateModified\":\"2023-05-13T13:47:06+00:00\",\"description\":\"Sinop, Boyabat, Gerze, Sarayd\u00fcz\u00fc, Dura\u011fan, Han\u00f6n\u00fc, Ta\u015fk\u00f6pr\u00fc\u00a0\u00e7evre illerede konteyner, ikinci el konteyner, sat\u0131l\u0131k konteyner hizmetimiz vard\u0131r\",\"breadcrumb\":{\"@id\":\"https:\/\/sinopkonteyner.com\/?page_id=9#breadcrumb\"},\"inLanguage\":\"tr\",\"potentialAction\":[{\"@type\":\"ReadAction\",\"target\":[\"https:\/\/sinopkonteyner.com\/?page_id=9\"]}]},{\"@type\":\"BreadcrumbList\",\"@id\":\"https:\/\/sinopkonteyner.com\/?page_id=9#breadcrumb\",\"itemListElement\":[{\"@type\":\"ListItem\",\"position\":1,\"name\":\"Anasayfa\",\"item\":\"https:\/\/sinopkonteyner.com\/\"},{\"@type\":\"ListItem\",\"position\":2,\"name\":\"Bize ula\u015f\u0131n\"}]},{\"@type\":\"WebSite\",\"@id\":\"https:\/\/sinopkonteyner.com\/#website\",\"url\":\"https:\/\/sinopkonteyner.com\/\",\"name\":\"S\u0130NOP KONTEYNER\",\"description\":\"Konteyner da kalite bizden sorulur.\",\"potentialAction\":[{\"@type\":\"SearchAction\",\"target\":{\"@type\":\"EntryPoint\",\"urlTemplate\":\"https:\/\/sinopkonteyner.com\/?s={search_term_string}\"},\"query-input\":\"required name=search_term_string\"}],\"inLanguage\":\"tr\"}]}<\/script>\n<!-- \/ Yoast SEO plugin. -->","yoast_head_json":{"title":"Bize ula\u015f\u0131n - S\u0130NOP KONTEYNER","description":"Sinop, Boyabat, Gerze, Sarayd\u00fcz\u00fc, Dura\u011fan, Han\u00f6n\u00fc, Ta\u015fk\u00f6pr\u00fc\u00a0\u00e7evre illerede konteyner, ikinci el konteyner, sat\u0131l\u0131k konteyner hizmetimiz vard\u0131r","robots":{"index":"index","follow":"follow","max-snippet":"max-snippet:-1","max-image-preview":"max-image-preview:large","max-video-preview":"max-video-preview:-1"},"canonical":"https:\/\/sinopkonteyner.com\/?page_id=9","og_locale":"tr_TR","og_type":"article","og_title":"Bize ula\u015f\u0131n - S\u0130NOP KONTEYNER","og_description":"Sinop, Boyabat, Gerze, Sarayd\u00fcz\u00fc, Dura\u011fan, Han\u00f6n\u00fc, Ta\u015fk\u00f6pr\u00fc\u00a0\u00e7evre illerede konteyner, ikinci el konteyner, sat\u0131l\u0131k konteyner hizmetimiz vard\u0131r","og_url":"https:\/\/sinopkonteyner.com\/?page_id=9","og_site_name":"S\u0130NOP KONTEYNER","article_modified_time":"2023-05-13T13:47:06+00:00","og_image":[{"width":960,"height":540,"url":"http:\/\/sinopkonteyner.com\/wp-content\/uploads\/2023\/05\/monoblock-konteyner.jpg","type":"image\/jpeg"}],"twitter_card":"summary_large_image","twitter_misc":{"Tahmini okuma s\u00fcresi":"1 dakika"},"schema":{"@context":"https:\/\/schema.org","@graph":[{"@type":"WebPage","@id":"https:\/\/sinopkonteyner.com\/?page_id=9","url":"https:\/\/sinopkonteyner.com\/?page_id=9","name":"Bize ula\u015f\u0131n - S\u0130NOP KONTEYNER","isPartOf":{"@id":"https:\/\/sinopkonteyner.com\/#website"},"datePublished":"2023-05-06T19:27:18+00:00","dateModified":"2023-05-13T13:47:06+00:00","description":"Sinop, Boyabat, Gerze, Sarayd\u00fcz\u00fc, Dura\u011fan, Han\u00f6n\u00fc, Ta\u015fk\u00f6pr\u00fc\u00a0\u00e7evre illerede konteyner, ikinci el konteyner, sat\u0131l\u0131k konteyner hizmetimiz vard\u0131r","breadcrumb":{"@id":"https:\/\/sinopkonteyner.com\/?page_id=9#breadcrumb"},"inLanguage":"tr","potentialAction":[{"@type":"ReadAction","target":["https:\/\/sinopkonteyner.com\/?page_id=9"]}]},{"@type":"BreadcrumbList","@id":"https:\/\/sinopkonteyner.com\/?page_id=9#breadcrumb","itemListElement":[{"@type":"ListItem","position":1,"name":"Anasayfa","item":"https:\/\/sinopkonteyner.com\/"},{"@type":"ListItem","position":2,"name":"Bize ula\u015f\u0131n"}]},{"@type":"WebSite","@id":"https:\/\/sinopkonteyner.com\/#website","url":"https:\/\/sinopkonteyner.com\/","name":"S\u0130NOP KONTEYNER","description":"Konteyner da kalite bizden sorulur.","potentialAction":[{"@type":"SearchAction","target":{"@type":"EntryPoint","urlTemplate":"https:\/\/sinopkonteyner.com\/?s={search_term_string}"},"query-input":"required name=search_term_string"}],"inLanguage":"tr"}]}},"_links":{"self":[{"href":"https:\/\/sinopkonteyner.com\/index.php?rest_route=\/wp\/v2\/pages\/9","targetHints":{"allow":["GET"]}}],"collection":[{"href":"https:\/\/sinopkonteyner.com\/index.php?rest_route=\/wp\/v2\/pages"}],"about":[{"href":"https:\/\/sinopkonteyner.com\/index.php?rest_route=\/wp\/v2\/types\/page"}],"author":[{"embeddable":true,"href":"https:\/\/sinopkonteyner.com\/index.php?rest_route=\/wp\/v2\/users\/1"}],"replies":[{"embeddable":true,"href":"https:\/\/sinopkonteyner.com\/index.php?rest_route=%2Fwp%2Fv2%2Fcomments&post=9"}],"version-history":[{"count":2,"href":"https:\/\/sinopkonteyner.com\/index.php?rest_route=\/wp\/v2\/pages\/9\/revisions"}],"predecessor-version":[{"id":39,"href":"https:\/\/sinopkonteyner.com\/index.php?rest_route=\/wp\/v2\/pages\/9\/revisions\/39"}],"wp:featuredmedia":[{"embeddable":true,"href":"https:\/\/sinopkonteyner.com\/index.php?rest_route=\/wp\/v2\/media\/13"}],"wp:attachment":[{"href":"https:\/\/sinopkonteyner.com\/index.php?rest_route=%2Fwp%2Fv2%2Fmedia&parent=9"}],"curies":[{"name":"wp","href":"https:\/\/api.w.org\/{rel}","templated":true}]}}