{"id":8,"date":"2023-05-06T19:27:18","date_gmt":"2023-05-06T19:27:18","guid":{"rendered":"https:\/\/sinopkonteyner.com\/?page_id=8"},"modified":"2023-05-13T13:48:13","modified_gmt":"2023-05-13T13:48:13","slug":"hakkimizda","status":"publish","type":"page","link":"https:\/\/sinopkonteyner.com\/?page_id=8","title":{"rendered":"Hakk\u0131m\u0131zda"},"content":{"rendered":"\n<p>&nbsp;Yeni fikir ve geli\u015fmelere de\u011fer verir, t\u00fcm s\u00fcre\u00e7lerimizi de\u011fi\u015fen d\u00fcnyaya g\u00f6re \u015fekillendiririz.<strong>&nbsp;<\/strong>\u0130\u015fimizi \u015feffaf, g\u00fcvene dayal\u0131; yasa, y\u00f6netmelik ve etik de\u011ferlere uygun ger\u00e7ekle\u015ftiririz. \u00c7al\u0131\u015fanlar\u0131m\u0131z\u0131n ve payda\u015flar\u0131m\u0131z\u0131n g\u00f6r\u00fc\u015f ve beklentilerine de\u011fer veririz. Faaliyetlerimizi \u00e7evre de\u011ferlerinin bilincinde, sosyal sorunlara duyarl\u0131 ve d\u00f6ng\u00fcsel ekonomik kalk\u0131nmay\u0131 destekleyecek \u015fekilde y\u00fcr\u00fct\u00fcr\u00fcz<\/p>\n","protected":false},"excerpt":{"rendered":"<p>&nbsp;Yeni fikir ve geli\u015fmelere de\u011fer verir, t\u00fcm s\u00fcre\u00e7lerimizi de\u011fi\u015fen d\u00fcnyaya g\u00f6re \u015fekillendiririz.&nbsp;\u0130\u015fimizi \u015feffaf, g\u00fcvene dayal\u0131; yasa, y\u00f6netmelik ve etik de\u011ferlere uygun ger\u00e7ekle\u015ftiririz. \u00c7al\u0131\u015fanlar\u0131m\u0131z\u0131n ve payda\u015flar\u0131m\u0131z\u0131n g\u00f6r\u00fc\u015f ve beklentilerine de\u011fer veririz. Faaliyetlerimizi \u00e7evre de\u011ferlerinin bilincinde, sosyal sorunlara duyarl\u0131 ve d\u00f6ng\u00fcsel ekonomik kalk\u0131nmay\u0131 destekleyecek \u015fekilde y\u00fcr\u00fct\u00fcr\u00fcz<\/p>\n","protected":false},"author":1,"featured_media":37,"parent":0,"menu_order":0,"comment_status":"closed","ping_status":"closed","template":"","meta":{"footnotes":""},"class_list":["post-8","page","type-page","status-publish","has-post-thumbnail","hentry"],"yoast_head":"<!-- This site is optimized with the Yoast SEO plugin v22.0 - https:\/\/yoast.com\/wordpress\/plugins\/seo\/ -->\n<title>Hakk\u0131m\u0131zda - S\u0130NOP KONTEYNER<\/title>\n<meta name=\"description\" content=\"Sinop, Boyabat, Gerze, Sarayd\u00fcz\u00fc, Dura\u011fan, Han\u00f6n\u00fc, Ta\u015fk\u00f6pr\u00fc\u00a0\u00e7evre illerede konteyner, ikinci el konteyner, sat\u0131l\u0131k konteyner hizmetimiz vard\u0131r\" \/>\n<meta name=\"robots\" content=\"index, follow, max-snippet:-1, max-image-preview:large, max-video-preview:-1\" \/>\n<link rel=\"canonical\" href=\"https:\/\/sinopkonteyner.com\/?page_id=8\" \/>\n<meta property=\"og:locale\" content=\"tr_TR\" \/>\n<meta property=\"og:type\" content=\"article\" \/>\n<meta property=\"og:title\" content=\"Hakk\u0131m\u0131zda - S\u0130NOP KONTEYNER\" \/>\n<meta property=\"og:description\" content=\"Sinop, Boyabat, Gerze, Sarayd\u00fcz\u00fc, Dura\u011fan, Han\u00f6n\u00fc, Ta\u015fk\u00f6pr\u00fc\u00a0\u00e7evre illerede konteyner, ikinci el konteyner, sat\u0131l\u0131k konteyner hizmetimiz vard\u0131r\" \/>\n<meta property=\"og:url\" content=\"https:\/\/sinopkonteyner.com\/?page_id=8\" \/>\n<meta property=\"og:site_name\" content=\"S\u0130NOP KONTEYNER\" \/>\n<meta property=\"article:modified_time\" content=\"2023-05-13T13:48:13+00:00\" \/>\n<meta property=\"og:image\" content=\"http:\/\/sinopkonteyner.com\/wp-content\/uploads\/2023\/05\/IMG-20230512-WA0002.jpg\" \/>\n\t<meta property=\"og:image:width\" content=\"1536\" \/>\n\t<meta property=\"og:image:height\" content=\"2048\" \/>\n\t<meta property=\"og:image:type\" content=\"image\/jpeg\" \/>\n<meta name=\"twitter:card\" content=\"summary_large_image\" \/>\n<meta name=\"twitter:label1\" content=\"Tahmini okuma s\u00fcresi\" \/>\n\t<meta name=\"twitter:data1\" content=\"1 dakika\" \/>\n<script type=\"application\/ld+json\" class=\"yoast-schema-graph\">{\"@context\":\"https:\/\/schema.org\",\"@graph\":[{\"@type\":\"WebPage\",\"@id\":\"https:\/\/sinopkonteyner.com\/?page_id=8\",\"url\":\"https:\/\/sinopkonteyner.com\/?page_id=8\",\"name\":\"Hakk\u0131m\u0131zda - S\u0130NOP KONTEYNER\",\"isPartOf\":{\"@id\":\"https:\/\/sinopkonteyner.com\/#website\"},\"datePublished\":\"2023-05-06T19:27:18+00:00\",\"dateModified\":\"2023-05-13T13:48:13+00:00\",\"description\":\"Sinop, Boyabat, Gerze, Sarayd\u00fcz\u00fc, Dura\u011fan, Han\u00f6n\u00fc, Ta\u015fk\u00f6pr\u00fc\u00a0\u00e7evre illerede konteyner, ikinci el konteyner, sat\u0131l\u0131k konteyner hizmetimiz vard\u0131r\",\"breadcrumb\":{\"@id\":\"https:\/\/sinopkonteyner.com\/?page_id=8#breadcrumb\"},\"inLanguage\":\"tr\",\"potentialAction\":[{\"@type\":\"ReadAction\",\"target\":[\"https:\/\/sinopkonteyner.com\/?page_id=8\"]}]},{\"@type\":\"BreadcrumbList\",\"@id\":\"https:\/\/sinopkonteyner.com\/?page_id=8#breadcrumb\",\"itemListElement\":[{\"@type\":\"ListItem\",\"position\":1,\"name\":\"Anasayfa\",\"item\":\"https:\/\/sinopkonteyner.com\/\"},{\"@type\":\"ListItem\",\"position\":2,\"name\":\"Hakk\u0131m\u0131zda\"}]},{\"@type\":\"WebSite\",\"@id\":\"https:\/\/sinopkonteyner.com\/#website\",\"url\":\"https:\/\/sinopkonteyner.com\/\",\"name\":\"S\u0130NOP KONTEYNER\",\"description\":\"Konteyner da kalite bizden sorulur.\",\"potentialAction\":[{\"@type\":\"SearchAction\",\"target\":{\"@type\":\"EntryPoint\",\"urlTemplate\":\"https:\/\/sinopkonteyner.com\/?s={search_term_string}\"},\"query-input\":\"required name=search_term_string\"}],\"inLanguage\":\"tr\"}]}<\/script>\n<!-- \/ Yoast SEO plugin. -->","yoast_head_json":{"title":"Hakk\u0131m\u0131zda - S\u0130NOP KONTEYNER","description":"Sinop, Boyabat, Gerze, Sarayd\u00fcz\u00fc, Dura\u011fan, Han\u00f6n\u00fc, Ta\u015fk\u00f6pr\u00fc\u00a0\u00e7evre illerede konteyner, ikinci el konteyner, sat\u0131l\u0131k konteyner hizmetimiz vard\u0131r","robots":{"index":"index","follow":"follow","max-snippet":"max-snippet:-1","max-image-preview":"max-image-preview:large","max-video-preview":"max-video-preview:-1"},"canonical":"https:\/\/sinopkonteyner.com\/?page_id=8","og_locale":"tr_TR","og_type":"article","og_title":"Hakk\u0131m\u0131zda - S\u0130NOP KONTEYNER","og_description":"Sinop, Boyabat, Gerze, Sarayd\u00fcz\u00fc, Dura\u011fan, Han\u00f6n\u00fc, Ta\u015fk\u00f6pr\u00fc\u00a0\u00e7evre illerede konteyner, ikinci el konteyner, sat\u0131l\u0131k konteyner hizmetimiz vard\u0131r","og_url":"https:\/\/sinopkonteyner.com\/?page_id=8","og_site_name":"S\u0130NOP KONTEYNER","article_modified_time":"2023-05-13T13:48:13+00:00","og_image":[{"width":1536,"height":2048,"url":"http:\/\/sinopkonteyner.com\/wp-content\/uploads\/2023\/05\/IMG-20230512-WA0002.jpg","type":"image\/jpeg"}],"twitter_card":"summary_large_image","twitter_misc":{"Tahmini okuma s\u00fcresi":"1 dakika"},"schema":{"@context":"https:\/\/schema.org","@graph":[{"@type":"WebPage","@id":"https:\/\/sinopkonteyner.com\/?page_id=8","url":"https:\/\/sinopkonteyner.com\/?page_id=8","name":"Hakk\u0131m\u0131zda - S\u0130NOP KONTEYNER","isPartOf":{"@id":"https:\/\/sinopkonteyner.com\/#website"},"datePublished":"2023-05-06T19:27:18+00:00","dateModified":"2023-05-13T13:48:13+00:00","description":"Sinop, Boyabat, Gerze, Sarayd\u00fcz\u00fc, Dura\u011fan, Han\u00f6n\u00fc, Ta\u015fk\u00f6pr\u00fc\u00a0\u00e7evre illerede konteyner, ikinci el konteyner, sat\u0131l\u0131k konteyner hizmetimiz vard\u0131r","breadcrumb":{"@id":"https:\/\/sinopkonteyner.com\/?page_id=8#breadcrumb"},"inLanguage":"tr","potentialAction":[{"@type":"ReadAction","target":["https:\/\/sinopkonteyner.com\/?page_id=8"]}]},{"@type":"BreadcrumbList","@id":"https:\/\/sinopkonteyner.com\/?page_id=8#breadcrumb","itemListElement":[{"@type":"ListItem","position":1,"name":"Anasayfa","item":"https:\/\/sinopkonteyner.com\/"},{"@type":"ListItem","position":2,"name":"Hakk\u0131m\u0131zda"}]},{"@type":"WebSite","@id":"https:\/\/sinopkonteyner.com\/#website","url":"https:\/\/sinopkonteyner.com\/","name":"S\u0130NOP KONTEYNER","description":"Konteyner da kalite bizden sorulur.","potentialAction":[{"@type":"SearchAction","target":{"@type":"EntryPoint","urlTemplate":"https:\/\/sinopkonteyner.com\/?s={search_term_string}"},"query-input":"required name=search_term_string"}],"inLanguage":"tr"}]}},"_links":{"self":[{"href":"https:\/\/sinopkonteyner.com\/index.php?rest_route=\/wp\/v2\/pages\/8","targetHints":{"allow":["GET"]}}],"collection":[{"href":"https:\/\/sinopkonteyner.com\/index.php?rest_route=\/wp\/v2\/pages"}],"about":[{"href":"https:\/\/sinopkonteyner.com\/index.php?rest_route=\/wp\/v2\/types\/page"}],"author":[{"embeddable":true,"href":"https:\/\/sinopkonteyner.com\/index.php?rest_route=\/wp\/v2\/users\/1"}],"replies":[{"embeddable":true,"href":"https:\/\/sinopkonteyner.com\/index.php?rest_route=%2Fwp%2Fv2%2Fcomments&post=8"}],"version-history":[{"count":6,"href":"https:\/\/sinopkonteyner.com\/index.php?rest_route=\/wp\/v2\/pages\/8\/revisions"}],"predecessor-version":[{"id":58,"href":"https:\/\/sinopkonteyner.com\/index.php?rest_route=\/wp\/v2\/pages\/8\/revisions\/58"}],"wp:featuredmedia":[{"embeddable":true,"href":"https:\/\/sinopkonteyner.com\/index.php?rest_route=\/wp\/v2\/media\/37"}],"wp:attachment":[{"href":"https:\/\/sinopkonteyner.com\/index.php?rest_route=%2Fwp%2Fv2%2Fmedia&parent=8"}],"curies":[{"name":"wp","href":"https:\/\/api.w.org\/{rel}","templated":true}]}}