{"id":62,"date":"2023-05-13T14:08:06","date_gmt":"2023-05-13T14:08:06","guid":{"rendered":"https:\/\/sinopkonteyner.com\/?page_id=62"},"modified":"2023-05-13T14:08:07","modified_gmt":"2023-05-13T14:08:07","slug":"projeler","status":"publish","type":"page","link":"https:\/\/sinopkonteyner.com\/?page_id=62","title":{"rendered":"Projeler"},"content":{"rendered":"\n<p>\u0130ste\u011fe g\u00f6re \u00f6zel \u00f6l\u00e7\u00fc ile konteyner sipari\u015fleri yap\u0131l\u0131r.<\/p>\n\n\n\n<figure class=\"wp-block-gallery has-nested-images columns-default is-cropped wp-block-gallery-1 is-layout-flex wp-block-gallery-is-layout-flex\">\n<figure class=\"wp-block-image size-large\"><img loading=\"lazy\" decoding=\"async\" width=\"768\" height=\"1024\" data-id=\"37\" src=\"https:\/\/sinopkonteyner.com\/wp-content\/uploads\/2023\/05\/IMG-20230512-WA0002-768x1024.jpg\" alt=\"\" class=\"wp-image-37\" srcset=\"https:\/\/sinopkonteyner.com\/wp-content\/uploads\/2023\/05\/IMG-20230512-WA0002-768x1024.jpg 768w, https:\/\/sinopkonteyner.com\/wp-content\/uploads\/2023\/05\/IMG-20230512-WA0002-225x300.jpg 225w, https:\/\/sinopkonteyner.com\/wp-content\/uploads\/2023\/05\/IMG-20230512-WA0002-1152x1536.jpg 1152w, https:\/\/sinopkonteyner.com\/wp-content\/uploads\/2023\/05\/IMG-20230512-WA0002.jpg 1536w\" sizes=\"auto, (max-width: 706px) 89vw, (max-width: 767px) 82vw, 740px\" \/><\/figure>\n\n\n\n<figure class=\"wp-block-image size-large\"><img loading=\"lazy\" decoding=\"async\" width=\"1024\" height=\"768\" data-id=\"36\" src=\"https:\/\/sinopkonteyner.com\/wp-content\/uploads\/2023\/05\/IMG-20230512-WA0001-1024x768.jpg\" alt=\"\" class=\"wp-image-36\" srcset=\"https:\/\/sinopkonteyner.com\/wp-content\/uploads\/2023\/05\/IMG-20230512-WA0001-1024x768.jpg 1024w, https:\/\/sinopkonteyner.com\/wp-content\/uploads\/2023\/05\/IMG-20230512-WA0001-300x225.jpg 300w, https:\/\/sinopkonteyner.com\/wp-content\/uploads\/2023\/05\/IMG-20230512-WA0001-768x576.jpg 768w, https:\/\/sinopkonteyner.com\/wp-content\/uploads\/2023\/05\/IMG-20230512-WA0001-1536x1152.jpg 1536w, https:\/\/sinopkonteyner.com\/wp-content\/uploads\/2023\/05\/IMG-20230512-WA0001.jpg 2048w\" sizes=\"auto, (max-width: 706px) 89vw, (max-width: 767px) 82vw, 740px\" \/><\/figure>\n\n\n\n<figure class=\"wp-block-image size-large\"><img loading=\"lazy\" decoding=\"async\" width=\"768\" height=\"1024\" data-id=\"35\" src=\"https:\/\/sinopkonteyner.com\/wp-content\/uploads\/2023\/05\/IMG-20230512-WA0000-768x1024.jpg\" alt=\"\" class=\"wp-image-35\" srcset=\"https:\/\/sinopkonteyner.com\/wp-content\/uploads\/2023\/05\/IMG-20230512-WA0000-768x1023.jpg 768w, https:\/\/sinopkonteyner.com\/wp-content\/uploads\/2023\/05\/IMG-20230512-WA0000-225x300.jpg 225w, https:\/\/sinopkonteyner.com\/wp-content\/uploads\/2023\/05\/IMG-20230512-WA0000-1153x1536.jpg 1153w, https:\/\/sinopkonteyner.com\/wp-content\/uploads\/2023\/05\/IMG-20230512-WA0000.jpg 1200w\" sizes=\"auto, (max-width: 706px) 89vw, (max-width: 767px) 82vw, 740px\" \/><\/figure>\n<\/figure>\n","protected":false},"excerpt":{"rendered":"<p>\u0130ste\u011fe g\u00f6re \u00f6zel \u00f6l\u00e7\u00fc ile konteyner sipari\u015fleri yap\u0131l\u0131r.<\/p>\n","protected":false},"author":1,"featured_media":0,"parent":0,"menu_order":0,"comment_status":"closed","ping_status":"closed","template":"","meta":{"footnotes":""},"class_list":["post-62","page","type-page","status-publish","hentry"],"yoast_head":"<!-- This site is optimized with the Yoast SEO plugin v22.0 - https:\/\/yoast.com\/wordpress\/plugins\/seo\/ -->\n<title>Projeler - S\u0130NOP KONTEYNER<\/title>\n<meta name=\"robots\" content=\"index, follow, max-snippet:-1, max-image-preview:large, max-video-preview:-1\" \/>\n<link rel=\"canonical\" href=\"https:\/\/sinopkonteyner.com\/?page_id=62\" \/>\n<meta property=\"og:locale\" content=\"tr_TR\" \/>\n<meta property=\"og:type\" content=\"article\" \/>\n<meta property=\"og:title\" content=\"Projeler - S\u0130NOP KONTEYNER\" \/>\n<meta property=\"og:description\" content=\"\u0130ste\u011fe g\u00f6re \u00f6zel \u00f6l\u00e7\u00fc ile konteyner sipari\u015fleri yap\u0131l\u0131r.\" \/>\n<meta property=\"og:url\" content=\"https:\/\/sinopkonteyner.com\/?page_id=62\" \/>\n<meta property=\"og:site_name\" content=\"S\u0130NOP KONTEYNER\" \/>\n<meta property=\"article:modified_time\" content=\"2023-05-13T14:08:07+00:00\" \/>\n<meta property=\"og:image\" content=\"https:\/\/sinopkonteyner.com\/wp-content\/uploads\/2023\/05\/IMG-20230512-WA0002-768x1024.jpg\" \/>\n<meta name=\"twitter:card\" content=\"summary_large_image\" \/>\n<meta name=\"twitter:label1\" content=\"Tahmini okuma s\u00fcresi\" \/>\n\t<meta name=\"twitter:data1\" content=\"1 dakika\" \/>\n<script type=\"application\/ld+json\" class=\"yoast-schema-graph\">{\"@context\":\"https:\/\/schema.org\",\"@graph\":[{\"@type\":\"WebPage\",\"@id\":\"https:\/\/sinopkonteyner.com\/?page_id=62\",\"url\":\"https:\/\/sinopkonteyner.com\/?page_id=62\",\"name\":\"Projeler - S\u0130NOP KONTEYNER\",\"isPartOf\":{\"@id\":\"https:\/\/sinopkonteyner.com\/#website\"},\"datePublished\":\"2023-05-13T14:08:06+00:00\",\"dateModified\":\"2023-05-13T14:08:07+00:00\",\"breadcrumb\":{\"@id\":\"https:\/\/sinopkonteyner.com\/?page_id=62#breadcrumb\"},\"inLanguage\":\"tr\",\"potentialAction\":[{\"@type\":\"ReadAction\",\"target\":[\"https:\/\/sinopkonteyner.com\/?page_id=62\"]}]},{\"@type\":\"BreadcrumbList\",\"@id\":\"https:\/\/sinopkonteyner.com\/?page_id=62#breadcrumb\",\"itemListElement\":[{\"@type\":\"ListItem\",\"position\":1,\"name\":\"Anasayfa\",\"item\":\"https:\/\/sinopkonteyner.com\/\"},{\"@type\":\"ListItem\",\"position\":2,\"name\":\"Projeler\"}]},{\"@type\":\"WebSite\",\"@id\":\"https:\/\/sinopkonteyner.com\/#website\",\"url\":\"https:\/\/sinopkonteyner.com\/\",\"name\":\"S\u0130NOP KONTEYNER\",\"description\":\"Konteyner da kalite bizden sorulur.\",\"potentialAction\":[{\"@type\":\"SearchAction\",\"target\":{\"@type\":\"EntryPoint\",\"urlTemplate\":\"https:\/\/sinopkonteyner.com\/?s={search_term_string}\"},\"query-input\":\"required name=search_term_string\"}],\"inLanguage\":\"tr\"}]}<\/script>\n<!-- \/ Yoast SEO plugin. -->","yoast_head_json":{"title":"Projeler - S\u0130NOP KONTEYNER","robots":{"index":"index","follow":"follow","max-snippet":"max-snippet:-1","max-image-preview":"max-image-preview:large","max-video-preview":"max-video-preview:-1"},"canonical":"https:\/\/sinopkonteyner.com\/?page_id=62","og_locale":"tr_TR","og_type":"article","og_title":"Projeler - S\u0130NOP KONTEYNER","og_description":"\u0130ste\u011fe g\u00f6re \u00f6zel \u00f6l\u00e7\u00fc ile konteyner sipari\u015fleri yap\u0131l\u0131r.","og_url":"https:\/\/sinopkonteyner.com\/?page_id=62","og_site_name":"S\u0130NOP KONTEYNER","article_modified_time":"2023-05-13T14:08:07+00:00","og_image":[{"url":"https:\/\/sinopkonteyner.com\/wp-content\/uploads\/2023\/05\/IMG-20230512-WA0002-768x1024.jpg"}],"twitter_card":"summary_large_image","twitter_misc":{"Tahmini okuma s\u00fcresi":"1 dakika"},"schema":{"@context":"https:\/\/schema.org","@graph":[{"@type":"WebPage","@id":"https:\/\/sinopkonteyner.com\/?page_id=62","url":"https:\/\/sinopkonteyner.com\/?page_id=62","name":"Projeler - S\u0130NOP KONTEYNER","isPartOf":{"@id":"https:\/\/sinopkonteyner.com\/#website"},"datePublished":"2023-05-13T14:08:06+00:00","dateModified":"2023-05-13T14:08:07+00:00","breadcrumb":{"@id":"https:\/\/sinopkonteyner.com\/?page_id=62#breadcrumb"},"inLanguage":"tr","potentialAction":[{"@type":"ReadAction","target":["https:\/\/sinopkonteyner.com\/?page_id=62"]}]},{"@type":"BreadcrumbList","@id":"https:\/\/sinopkonteyner.com\/?page_id=62#breadcrumb","itemListElement":[{"@type":"ListItem","position":1,"name":"Anasayfa","item":"https:\/\/sinopkonteyner.com\/"},{"@type":"ListItem","position":2,"name":"Projeler"}]},{"@type":"WebSite","@id":"https:\/\/sinopkonteyner.com\/#website","url":"https:\/\/sinopkonteyner.com\/","name":"S\u0130NOP KONTEYNER","description":"Konteyner da kalite bizden sorulur.","potentialAction":[{"@type":"SearchAction","target":{"@type":"EntryPoint","urlTemplate":"https:\/\/sinopkonteyner.com\/?s={search_term_string}"},"query-input":"required name=search_term_string"}],"inLanguage":"tr"}]}},"_links":{"self":[{"href":"https:\/\/sinopkonteyner.com\/index.php?rest_route=\/wp\/v2\/pages\/62","targetHints":{"allow":["GET"]}}],"collection":[{"href":"https:\/\/sinopkonteyner.com\/index.php?rest_route=\/wp\/v2\/pages"}],"about":[{"href":"https:\/\/sinopkonteyner.com\/index.php?rest_route=\/wp\/v2\/types\/page"}],"author":[{"embeddable":true,"href":"https:\/\/sinopkonteyner.com\/index.php?rest_route=\/wp\/v2\/users\/1"}],"replies":[{"embeddable":true,"href":"https:\/\/sinopkonteyner.com\/index.php?rest_route=%2Fwp%2Fv2%2Fcomments&post=62"}],"version-history":[{"count":1,"href":"https:\/\/sinopkonteyner.com\/index.php?rest_route=\/wp\/v2\/pages\/62\/revisions"}],"predecessor-version":[{"id":63,"href":"https:\/\/sinopkonteyner.com\/index.php?rest_route=\/wp\/v2\/pages\/62\/revisions\/63"}],"wp:attachment":[{"href":"https:\/\/sinopkonteyner.com\/index.php?rest_route=%2Fwp%2Fv2%2Fmedia&parent=62"}],"curies":[{"name":"wp","href":"https:\/\/api.w.org\/{rel}","templated":true}]}}